{"id":1813,"date":"2017-04-28T17:35:38","date_gmt":"2017-04-28T17:35:38","guid":{"rendered":"http:\/\/netdeep.com.br\/orquidario\/?page_id=1813"},"modified":"2017-04-28T17:54:24","modified_gmt":"2017-04-28T17:54:24","slug":"sobre-nos","status":"publish","type":"page","link":"https:\/\/netdeep.com.br\/orquidario\/sobre-nos\/","title":{"rendered":"Sobre N\u00f3s"},"content":{"rendered":"<p style=\"text-align: justify;\"><span style=\"color: #333333;\">Nesse espa\u00e7o, Alcides Cavasini Filho, Andr\u00e9 Luis Cavasini e C\u00e9lio Dias Borges, contam como tudo come\u00e7ou. Nossa paix\u00e3o pelas orqu\u00eddeas se inicia no ano de 1988, quando ganhamos as nossas primeiras mudas de orqu\u00eddeas do grande e saudoso amigo Jos\u00e9 Oct\u00e1vio de Souza Nogueira, falecido em 06 de mar\u00e7o de 2001.Em 1991 o Andr\u00e9, trabalhando para o governo do Estado do Tocantins, conseguiu v\u00e1rios exemplares de Cattleya nobilior.<\/span><\/p>\n<p style=\"text-align: justify;\"><span style=\"color: #333333;\">Desde ent\u00e3o temos nos empenhado em formar uma cole\u00e7\u00e3o, tanto de walkeriana, nossa planta predileta, como de nobilior e outras esp\u00e9cies. Fazemos parte do N\u00facleo Orquid\u00f3filo da Alta Mogiana (NOAM) localizado no nordeste do estado de S\u00e3o Paulo,filiado \u00e0 CAOB (Coordenadoria das Associa\u00e7\u00f5es Orquid\u00f3filas do Brasil). Somos ainda, associados da ACW (Associa\u00e7\u00e3o da Cattleya walkeriana). De posse de uma cole\u00e7\u00e3o de bel\u00edssimas matrizes, come\u00e7amos a fazer cruzamentos, cujos resultados, mostramos neste site.<\/span><\/p>\n<p style=\"text-align: justify;\"><span style=\"color: #333333;\">OrchidBrazil nasce de uma paix\u00e3o pelas orqu\u00eddeas, n\u00e3o s\u00f3 brasileiras, mas por este pequeno peda\u00e7o da natureza que desperta e agu\u00e7a a intelig\u00eancia a contemplar o belo. Pretendemos aqui trazer tanto aos cultivadores profissionais como amadores, assuntos, informa\u00e7\u00f5es, dicas e curiosidades sobre essas magn\u00edficas plantas. Esperamos que esta visita lhes desperte momentos de prazer e descontra\u00e7\u00e3o.<\/span><\/p>\n<p style=\"text-align: justify;\"><span style=\"color: #333333;\"><strong>Agradecimento,<\/strong><\/span><\/p>\n<p><span style=\"color: #333333;\"><strong>Aos nossos pais, pelo carinho, compreens\u00e3o e acima de tudo, pelo grande exemplo que sempre nos deram.<\/strong><\/span><\/p>\n<p><span style=\"color: #333333;\"><strong>&#8220;Para os montes levanto os olhos: de onde me vir\u00e1 o socorro? O meu socorro vem do Senhor, Criador do c\u00e9u e da terra&#8221;(Sl 120,1)<\/strong><\/span><\/p>\n","protected":false},"excerpt":{"rendered":"<p>Nesse espa\u00e7o, Alcides Cavasini Filho, Andr\u00e9 Luis Cavasini e C\u00e9lio Dias Borges, contam como tudo come\u00e7ou. Nossa paix\u00e3o pelas orqu\u00eddeas se inicia no ano de [&hellip;]<\/p>\n","protected":false},"author":1,"featured_media":0,"parent":0,"menu_order":0,"comment_status":"closed","ping_status":"closed","template":"","meta":{"ngg_post_thumbnail":0},"_links":{"self":[{"href":"https:\/\/netdeep.com.br\/orquidario\/wp-json\/wp\/v2\/pages\/1813"}],"collection":[{"href":"https:\/\/netdeep.com.br\/orquidario\/wp-json\/wp\/v2\/pages"}],"about":[{"href":"https:\/\/netdeep.com.br\/orquidario\/wp-json\/wp\/v2\/types\/page"}],"author":[{"embeddable":true,"href":"https:\/\/netdeep.com.br\/orquidario\/wp-json\/wp\/v2\/users\/1"}],"replies":[{"embeddable":true,"href":"https:\/\/netdeep.com.br\/orquidario\/wp-json\/wp\/v2\/comments?post=1813"}],"version-history":[{"count":5,"href":"https:\/\/netdeep.com.br\/orquidario\/wp-json\/wp\/v2\/pages\/1813\/revisions"}],"predecessor-version":[{"id":1819,"href":"https:\/\/netdeep.com.br\/orquidario\/wp-json\/wp\/v2\/pages\/1813\/revisions\/1819"}],"wp:attachment":[{"href":"https:\/\/netdeep.com.br\/orquidario\/wp-json\/wp\/v2\/media?parent=1813"}],"curies":[{"name":"wp","href":"https:\/\/api.w.org\/{rel}","templated":true}]}}