{"id":1826,"date":"2017-04-28T19:49:58","date_gmt":"2017-04-28T19:49:58","guid":{"rendered":"http:\/\/netdeep.com.br\/orquidario\/?page_id=1826"},"modified":"2017-06-08T22:33:03","modified_gmt":"2017-06-08T22:33:03","slug":"fale-conosco","status":"publish","type":"page","link":"https:\/\/netdeep.com.br\/orquidario\/fale-conosco\/","title":{"rendered":"Fale Conosco"},"content":{"rendered":"<p>[vc_row][vc_column width=&#8221;1\/2&#8243;][vc_text_separator title=&#8221;Envie Sua Mensagem&#8221; i_type=&#8221;openiconic&#8221; i_icon_openiconic=&#8221;vc-oi vc-oi-mail&#8221; i_color=&#8221;custom&#8221; add_icon=&#8221;true&#8221; i_custom_color=&#8221;#5c4439&#8243;][vc_column_text]<\/p>\n<p style=\"text-align: justify;\"><span style=\"color: #333333;\">Basta preencher o formul\u00e1rio abaixo para tratar sobre d\u00favidas e valores de nossas orqu\u00eddeas, ou informar sua opini\u00e3o. Retornaremos o contato em breve!<\/span><\/p>\n<p>[\/vc_column_text]<div role=\"form\" class=\"wpcf7\" id=\"wpcf7-f1578-o1\" lang=\"en-US\" dir=\"ltr\">\n<div class=\"screen-reader-response\"><p role=\"status\" aria-live=\"polite\" aria-atomic=\"true\"><\/p> <ul><\/ul><\/div>\n<form action=\"\/orquidario\/wp-json\/wp\/v2\/pages\/1826#wpcf7-f1578-o1\" method=\"post\" class=\"wpcf7-form init\" novalidate=\"novalidate\" data-status=\"init\">\n<div style=\"display: none;\">\n<input type=\"hidden\" name=\"_wpcf7\" value=\"1578\" \/>\n<input type=\"hidden\" name=\"_wpcf7_version\" value=\"5.3.2\" \/>\n<input type=\"hidden\" name=\"_wpcf7_locale\" value=\"en_US\" \/>\n<input type=\"hidden\" name=\"_wpcf7_unit_tag\" value=\"wpcf7-f1578-o1\" \/>\n<input type=\"hidden\" name=\"_wpcf7_container_post\" value=\"0\" \/>\n<input type=\"hidden\" name=\"_wpcf7_posted_data_hash\" value=\"\" \/>\n<\/div>\n<p>Nome: *<br \/>\n    <span class=\"wpcf7-form-control-wrap your-name\"><input type=\"text\" name=\"your-name\" value=\"\" size=\"40\" class=\"wpcf7-form-control wpcf7-text wpcf7-validates-as-required\" aria-required=\"true\" aria-invalid=\"false\" \/><\/span> <\/p>\n<p>Email: *<br \/>\n    <span class=\"wpcf7-form-control-wrap your-email\"><input type=\"email\" name=\"your-email\" value=\"\" size=\"40\" class=\"wpcf7-form-control wpcf7-text wpcf7-email wpcf7-validates-as-required wpcf7-validates-as-email\" aria-required=\"true\" aria-invalid=\"false\" \/><\/span> <\/p>\n<p>Telefone: *<br \/>\n    <span class=\"wpcf7-form-control-wrap telefone\"><input type=\"tel\" name=\"telefone\" value=\"\" size=\"40\" class=\"wpcf7-form-control wpcf7-text wpcf7-tel wpcf7-validates-as-required wpcf7-validates-as-tel\" aria-required=\"true\" aria-invalid=\"false\" \/><\/span> <\/p>\n<p>Assunto: *<br \/>\n    <span class=\"wpcf7-form-control-wrap your-subject\"><input type=\"text\" name=\"your-subject\" value=\"\" size=\"40\" class=\"wpcf7-form-control wpcf7-text wpcf7-validates-as-required\" aria-required=\"true\" aria-invalid=\"false\" \/><\/span> <\/p>\n<p>Envie sua mensagem: *<br \/>\n    <span class=\"wpcf7-form-control-wrap your-message\"><textarea name=\"your-message\" cols=\"40\" rows=\"3\" class=\"wpcf7-form-control wpcf7-textarea wpcf7-validates-as-required\" aria-required=\"true\" aria-invalid=\"false\"><\/textarea><\/span> <\/p>\n<p><input type=\"submit\" value=\"Enviar\" class=\"wpcf7-form-control wpcf7-submit\" \/><\/p>\n<div class=\"wpcf7-response-output\" aria-hidden=\"true\"><\/div><\/form><\/div>[\/vc_column][vc_column width=&#8221;1\/2&#8243;][vc_text_separator title=&#8221;Contato&#8221; i_type=&#8221;openiconic&#8221; i_icon_openiconic=&#8221;vc-oi vc-oi-user&#8221; i_color=&#8221;custom&#8221; add_icon=&#8221;true&#8221; i_custom_color=&#8221;#5c4439&#8243;][vc_column_text]<\/p>\n<div><span style=\"color: #333333;\"><i class=\"fa fa-map-marker\"><\/i><strong><span style=\"margin-left: 10px;\">Avenida cinco. 2272 &#8211; Jardim Teixeira &#8211;\u00a0Orl\u00e2ndia\/SP<\/span><\/strong><\/span><\/div>\n<div><span style=\"color: #333333;\">\u00a0<\/span><\/div>\n<div><span style=\"color: #333333;\"><strong>(16) 99398-6756 \/ (16) 99201-4508 \u00a0\/ (64) 98437-1767<\/strong><\/span><\/div>\n<div><span style=\"color: #333333;\">\u00a0<\/span><\/div>\n<div><span style=\"color: #333333;\"><i class=\"fa fa-envelope\"><\/i><strong><span style=\"margin-left: 10px;\">contato@orchidbrazil.com.br<\/span><\/strong><\/span><\/div>\n<p>[\/vc_column_text][\/vc_column][\/vc_row]<\/p>\n","protected":false},"excerpt":{"rendered":"<p>[vc_row][vc_column width=&#8221;1\/2&#8243;][vc_text_separator title=&#8221;Envie Sua Mensagem&#8221; i_type=&#8221;openiconic&#8221; i_icon_openiconic=&#8221;vc-oi vc-oi-mail&#8221; i_color=&#8221;custom&#8221; add_icon=&#8221;true&#8221; i_custom_color=&#8221;#5c4439&#8243;][vc_column_text] Basta preencher o formul\u00e1rio abaixo para tratar sobre d\u00favidas e valores de nossas orqu\u00eddeas, [&hellip;]<\/p>\n","protected":false},"author":1,"featured_media":0,"parent":0,"menu_order":0,"comment_status":"closed","ping_status":"closed","template":"","meta":{"ngg_post_thumbnail":0},"_links":{"self":[{"href":"https:\/\/netdeep.com.br\/orquidario\/wp-json\/wp\/v2\/pages\/1826"}],"collection":[{"href":"https:\/\/netdeep.com.br\/orquidario\/wp-json\/wp\/v2\/pages"}],"about":[{"href":"https:\/\/netdeep.com.br\/orquidario\/wp-json\/wp\/v2\/types\/page"}],"author":[{"embeddable":true,"href":"https:\/\/netdeep.com.br\/orquidario\/wp-json\/wp\/v2\/users\/1"}],"replies":[{"embeddable":true,"href":"https:\/\/netdeep.com.br\/orquidario\/wp-json\/wp\/v2\/comments?post=1826"}],"version-history":[{"count":8,"href":"https:\/\/netdeep.com.br\/orquidario\/wp-json\/wp\/v2\/pages\/1826\/revisions"}],"predecessor-version":[{"id":2041,"href":"https:\/\/netdeep.com.br\/orquidario\/wp-json\/wp\/v2\/pages\/1826\/revisions\/2041"}],"wp:attachment":[{"href":"https:\/\/netdeep.com.br\/orquidario\/wp-json\/wp\/v2\/media?parent=1826"}],"curies":[{"name":"wp","href":"https:\/\/api.w.org\/{rel}","templated":true}]}}