{"id":2100,"date":"2017-07-13T19:54:03","date_gmt":"2017-07-13T19:54:03","guid":{"rendered":"http:\/\/netdeep.com.br\/orquidario\/?post_type=product&#038;p=2100"},"modified":"2017-07-14T19:53:22","modified_gmt":"2017-07-14T19:53:22","slug":"c-amethystoglossa-tipo-paraiso-cvsn-jessica-x-catamara","status":"publish","type":"product","link":"https:\/\/netdeep.com.br\/orquidario\/produto\/c-amethystoglossa-tipo-paraiso-cvsn-jessica-x-catamara\/","title":{"rendered":"C. amethystoglossa tipo Para\u00edso Cvsn &#8211; J\u00e9ssica x Catamar\u00e3"},"content":{"rendered":"","protected":false},"excerpt":{"rendered":"","protected":false},"featured_media":2101,"comment_status":"open","ping_status":"closed","template":"","meta":{"ngg_post_thumbnail":0},"_links":{"self":[{"href":"https:\/\/netdeep.com.br\/orquidario\/wp-json\/wp\/v2\/product\/2100"}],"collection":[{"href":"https:\/\/netdeep.com.br\/orquidario\/wp-json\/wp\/v2\/product"}],"about":[{"href":"https:\/\/netdeep.com.br\/orquidario\/wp-json\/wp\/v2\/types\/product"}],"replies":[{"embeddable":true,"href":"https:\/\/netdeep.com.br\/orquidario\/wp-json\/wp\/v2\/comments?post=2100"}],"wp:featuredmedia":[{"embeddable":true,"href":"https:\/\/netdeep.com.br\/orquidario\/wp-json\/wp\/v2\/media\/2101"}],"wp:attachment":[{"href":"https:\/\/netdeep.com.br\/orquidario\/wp-json\/wp\/v2\/media?parent=2100"}],"curies":[{"name":"wp","href":"https:\/\/api.w.org\/{rel}","templated":true}]}}